{"id":46783,"date":"2022-03-27T10:36:44","date_gmt":"2022-03-27T08:36:44","guid":{"rendered":"https:\/\/label.nl\/collectie\/unkategorisiert\/longa-sessel"},"modified":"2024-04-30T17:23:08","modified_gmt":"2024-04-30T15:23:08","slug":"longa","status":"publish","type":"product","link":"https:\/\/label.nl\/de\/collectie\/sessel\/longa\/","title":{"rendered":"Longa Sessel"},"content":{"rendered":"","protected":false},"excerpt":{"rendered":"<p style=\"font-weight: 400;\">Ein Thron zum Sitzen mit Platz f\u00fcr Ihre Zeitung und Ihren Kaffee auf der Armlehne! Der Longa ist ein zeitloses Modell mit hohem R\u00fccken, das seinem Namen alle Ehre macht. Das passende Sitzkissen erh\u00f6ht den Sitzkomfort.<\/p>\n","protected":false},"featured_media":43432,"template":"","meta":{"_acf_changed":false},"product_brand":[],"product_cat":[327],"product_tag":[],"class_list":{"0":"post-46783","1":"product","2":"type-product","3":"status-publish","4":"has-post-thumbnail","6":"product_cat-sessel","8":"first","9":"instock","10":"shipping-taxable","11":"product-type-simple"},"acf":[],"_links":{"self":[{"href":"https:\/\/label.nl\/de\/wp-json\/wp\/v2\/product\/46783","targetHints":{"allow":["GET"]}}],"collection":[{"href":"https:\/\/label.nl\/de\/wp-json\/wp\/v2\/product"}],"about":[{"href":"https:\/\/label.nl\/de\/wp-json\/wp\/v2\/types\/product"}],"version-history":[{"count":1,"href":"https:\/\/label.nl\/de\/wp-json\/wp\/v2\/product\/46783\/revisions"}],"predecessor-version":[{"id":50816,"href":"https:\/\/label.nl\/de\/wp-json\/wp\/v2\/product\/46783\/revisions\/50816"}],"wp:featuredmedia":[{"embeddable":true,"href":"https:\/\/label.nl\/de\/wp-json\/wp\/v2\/media\/43432"}],"wp:attachment":[{"href":"https:\/\/label.nl\/de\/wp-json\/wp\/v2\/media?parent=46783"}],"wp:term":[{"taxonomy":"product_brand","embeddable":true,"href":"https:\/\/label.nl\/de\/wp-json\/wp\/v2\/product_brand?post=46783"},{"taxonomy":"product_cat","embeddable":true,"href":"https:\/\/label.nl\/de\/wp-json\/wp\/v2\/product_cat?post=46783"},{"taxonomy":"product_tag","embeddable":true,"href":"https:\/\/label.nl\/de\/wp-json\/wp\/v2\/product_tag?post=46783"}],"curies":[{"name":"wp","href":"https:\/\/api.w.org\/{rel}","templated":true}]}}