{"id":46785,"date":"2022-03-27T10:36:43","date_gmt":"2022-03-27T08:36:43","guid":{"rendered":"https:\/\/label.nl\/collectie\/unkategorisiert\/kameo-bank"},"modified":"2023-05-12T13:21:57","modified_gmt":"2023-05-12T13:21:57","slug":"kameo","status":"publish","type":"product","link":"https:\/\/label.nl\/de\/collectie\/sofa\/kameo\/","title":{"rendered":"Kameo Sofa"},"content":{"rendered":"","protected":false},"excerpt":{"rendered":"<p style=\"font-weight: 400;\">Kameo ist ein Sofa mit hoher R\u00fcckenlehne und aktivem Sitz, der den R\u00fccken zus\u00e4tzlich st\u00fctzt. Das Sofa ist so konstruiert, dass jedes Sitzteil so aufgebaut ist, als w\u00e4re es ein separater Sessel. Die R\u00fcckenkissen bestehen aus Metallrahmen, die mit Kaltschaum gef\u00fcllt sind, so dass sie nicht zusammenfallen und der Komfort erhalten bleibt. Die Kissen scheinen lose zu sein, sind aber mit dem Sofa verbunden.<\/p>\n<p style=\"font-weight: 400;\">Das Sofa ist als 2-, 2,5- und 3-Sitzer erh\u00e4ltlich und bietet die M\u00f6glichkeit verschiedener Eckanordnungen.<\/p>\n","protected":false},"featured_media":44088,"template":"","meta":{"_acf_changed":false},"product_brand":[],"product_cat":[331],"product_tag":[],"class_list":{"0":"post-46785","1":"product","2":"type-product","3":"status-publish","4":"has-post-thumbnail","6":"product_cat-sofa","8":"first","9":"instock","10":"shipping-taxable","11":"product-type-simple"},"acf":[],"_links":{"self":[{"href":"https:\/\/label.nl\/de\/wp-json\/wp\/v2\/product\/46785","targetHints":{"allow":["GET"]}}],"collection":[{"href":"https:\/\/label.nl\/de\/wp-json\/wp\/v2\/product"}],"about":[{"href":"https:\/\/label.nl\/de\/wp-json\/wp\/v2\/types\/product"}],"version-history":[{"count":1,"href":"https:\/\/label.nl\/de\/wp-json\/wp\/v2\/product\/46785\/revisions"}],"predecessor-version":[{"id":48233,"href":"https:\/\/label.nl\/de\/wp-json\/wp\/v2\/product\/46785\/revisions\/48233"}],"wp:featuredmedia":[{"embeddable":true,"href":"https:\/\/label.nl\/de\/wp-json\/wp\/v2\/media\/44088"}],"wp:attachment":[{"href":"https:\/\/label.nl\/de\/wp-json\/wp\/v2\/media?parent=46785"}],"wp:term":[{"taxonomy":"product_brand","embeddable":true,"href":"https:\/\/label.nl\/de\/wp-json\/wp\/v2\/product_brand?post=46785"},{"taxonomy":"product_cat","embeddable":true,"href":"https:\/\/label.nl\/de\/wp-json\/wp\/v2\/product_cat?post=46785"},{"taxonomy":"product_tag","embeddable":true,"href":"https:\/\/label.nl\/de\/wp-json\/wp\/v2\/product_tag?post=46785"}],"curies":[{"name":"wp","href":"https:\/\/api.w.org\/{rel}","templated":true}]}}