{"id":46789,"date":"2022-03-27T10:36:43","date_gmt":"2022-03-27T10:36:43","guid":{"rendered":"https:\/\/label.nl\/collectie\/unkategorisiert\/hidde-soft-sessel"},"modified":"2024-04-30T17:23:50","modified_gmt":"2024-04-30T15:23:50","slug":"hidde-weich","status":"publish","type":"product","link":"https:\/\/label.nl\/de\/collectie\/sessel\/hidde-weich\/","title":{"rendered":"Hidde Soft Sessel"},"content":{"rendered":"","protected":false},"excerpt":{"rendered":"<p>Unsere Ikone! Inspiriert von einem Baseballhandschuh. Der Sessel ist aus Leder gefertigt und sieht sehr gem\u00fctlich aus. In den Hidde Soft ist ein &#8222;Duvet&#8220; eingen\u00e4ht, das f\u00fcr extra weichen Sitzkomfort sorgt! Die Form der Wanne l\u00e4dt zum Hineinkuscheln ein. Der Hidde ist nach dem \u00e4ltesten Enkel von Gerard van den Berg benannt.<br \/>\nDas passende Sitzkissen vervollst\u00e4ndigt den Komfort.<\/p>\n","protected":false},"featured_media":56040,"template":"","meta":{"_acf_changed":false},"product_brand":[],"product_cat":[327],"product_tag":[],"class_list":{"0":"post-46789","1":"product","2":"type-product","3":"status-publish","4":"has-post-thumbnail","6":"product_cat-sessel","8":"first","9":"instock","10":"shipping-taxable","11":"product-type-simple"},"acf":[],"_links":{"self":[{"href":"https:\/\/label.nl\/de\/wp-json\/wp\/v2\/product\/46789","targetHints":{"allow":["GET"]}}],"collection":[{"href":"https:\/\/label.nl\/de\/wp-json\/wp\/v2\/product"}],"about":[{"href":"https:\/\/label.nl\/de\/wp-json\/wp\/v2\/types\/product"}],"version-history":[{"count":1,"href":"https:\/\/label.nl\/de\/wp-json\/wp\/v2\/product\/46789\/revisions"}],"predecessor-version":[{"id":50817,"href":"https:\/\/label.nl\/de\/wp-json\/wp\/v2\/product\/46789\/revisions\/50817"}],"wp:featuredmedia":[{"embeddable":true,"href":"https:\/\/label.nl\/de\/wp-json\/wp\/v2\/media\/56040"}],"wp:attachment":[{"href":"https:\/\/label.nl\/de\/wp-json\/wp\/v2\/media?parent=46789"}],"wp:term":[{"taxonomy":"product_brand","embeddable":true,"href":"https:\/\/label.nl\/de\/wp-json\/wp\/v2\/product_brand?post=46789"},{"taxonomy":"product_cat","embeddable":true,"href":"https:\/\/label.nl\/de\/wp-json\/wp\/v2\/product_cat?post=46789"},{"taxonomy":"product_tag","embeddable":true,"href":"https:\/\/label.nl\/de\/wp-json\/wp\/v2\/product_tag?post=46789"}],"curies":[{"name":"wp","href":"https:\/\/api.w.org\/{rel}","templated":true}]}}