{"id":46793,"date":"2022-03-27T10:36:43","date_gmt":"2022-03-27T08:36:43","guid":{"rendered":"https:\/\/label.nl\/collectie\/unkategorisiert\/hidde-sessel"},"modified":"2024-04-30T17:24:30","modified_gmt":"2024-04-30T15:24:30","slug":"hidde","status":"publish","type":"product","link":"https:\/\/label.nl\/de\/collectie\/sessel\/hidde\/","title":{"rendered":"Hidde Sessel"},"content":{"rendered":"","protected":false},"excerpt":{"rendered":"<p>Unsere Ikone! Inspiriert von einem Baseballhandschuh. Der Sessel ist aus Leder gefertigt und sieht sehr gem\u00fctlich aus. Die Form der Wanne l\u00e4dt zum Hineinkuscheln ein. Der Hidde ist nach dem \u00e4ltesten Enkel von Gerard van den Berg benannt.<br \/>\nDas passende Sitzkissen vervollst\u00e4ndigt den Komfort.<\/p>\n","protected":false},"featured_media":43482,"template":"","meta":{"_acf_changed":false},"product_brand":[],"product_cat":[327],"product_tag":[],"class_list":{"0":"post-46793","1":"product","2":"type-product","3":"status-publish","4":"has-post-thumbnail","6":"product_cat-sessel","8":"first","9":"instock","10":"shipping-taxable","11":"product-type-simple"},"acf":[],"_links":{"self":[{"href":"https:\/\/label.nl\/de\/wp-json\/wp\/v2\/product\/46793","targetHints":{"allow":["GET"]}}],"collection":[{"href":"https:\/\/label.nl\/de\/wp-json\/wp\/v2\/product"}],"about":[{"href":"https:\/\/label.nl\/de\/wp-json\/wp\/v2\/types\/product"}],"version-history":[{"count":1,"href":"https:\/\/label.nl\/de\/wp-json\/wp\/v2\/product\/46793\/revisions"}],"predecessor-version":[{"id":50818,"href":"https:\/\/label.nl\/de\/wp-json\/wp\/v2\/product\/46793\/revisions\/50818"}],"wp:featuredmedia":[{"embeddable":true,"href":"https:\/\/label.nl\/de\/wp-json\/wp\/v2\/media\/43482"}],"wp:attachment":[{"href":"https:\/\/label.nl\/de\/wp-json\/wp\/v2\/media?parent=46793"}],"wp:term":[{"taxonomy":"product_brand","embeddable":true,"href":"https:\/\/label.nl\/de\/wp-json\/wp\/v2\/product_brand?post=46793"},{"taxonomy":"product_cat","embeddable":true,"href":"https:\/\/label.nl\/de\/wp-json\/wp\/v2\/product_cat?post=46793"},{"taxonomy":"product_tag","embeddable":true,"href":"https:\/\/label.nl\/de\/wp-json\/wp\/v2\/product_tag?post=46793"}],"curies":[{"name":"wp","href":"https:\/\/api.w.org\/{rel}","templated":true}]}}