{"id":46805,"date":"2022-03-27T10:36:42","date_gmt":"2022-03-27T08:36:42","guid":{"rendered":"https:\/\/label.nl\/collectie\/unkategorisiert\/gigi-soft-sessel"},"modified":"2024-04-30T17:25:58","modified_gmt":"2024-04-30T15:25:58","slug":"gigi-soft","status":"publish","type":"product","link":"https:\/\/label.nl\/de\/collectie\/sessel\/gigi-soft\/","title":{"rendered":"Gigi Soft Sessel"},"content":{"rendered":"","protected":false},"excerpt":{"rendered":"<p>Diese ungew\u00f6hnlich gestaltete Schale bietet 101 Sitzm\u00f6glichkeiten. In den Gigi Soft ist ein &#8218;Duvet&#8216; eingen\u00e4ht, das f\u00fcr extra weichen Sitzkomfort sorgt! Ein echter Sessel zum Leben.<\/p>\n<p>Dazu gibt es auch einen passenden Hocker: <a href=\"https:\/\/label.nl\/collectie\/footstools\/footstool-gigi-soft\">Gigi weich<\/a><\/p>\n","protected":false},"featured_media":43910,"template":"","meta":{"_acf_changed":false},"product_brand":[],"product_cat":[327],"product_tag":[],"class_list":{"0":"post-46805","1":"product","2":"type-product","3":"status-publish","4":"has-post-thumbnail","6":"product_cat-sessel","8":"first","9":"instock","10":"shipping-taxable","11":"product-type-simple"},"acf":[],"_links":{"self":[{"href":"https:\/\/label.nl\/de\/wp-json\/wp\/v2\/product\/46805","targetHints":{"allow":["GET"]}}],"collection":[{"href":"https:\/\/label.nl\/de\/wp-json\/wp\/v2\/product"}],"about":[{"href":"https:\/\/label.nl\/de\/wp-json\/wp\/v2\/types\/product"}],"version-history":[{"count":1,"href":"https:\/\/label.nl\/de\/wp-json\/wp\/v2\/product\/46805\/revisions"}],"predecessor-version":[{"id":50820,"href":"https:\/\/label.nl\/de\/wp-json\/wp\/v2\/product\/46805\/revisions\/50820"}],"wp:featuredmedia":[{"embeddable":true,"href":"https:\/\/label.nl\/de\/wp-json\/wp\/v2\/media\/43910"}],"wp:attachment":[{"href":"https:\/\/label.nl\/de\/wp-json\/wp\/v2\/media?parent=46805"}],"wp:term":[{"taxonomy":"product_brand","embeddable":true,"href":"https:\/\/label.nl\/de\/wp-json\/wp\/v2\/product_brand?post=46805"},{"taxonomy":"product_cat","embeddable":true,"href":"https:\/\/label.nl\/de\/wp-json\/wp\/v2\/product_cat?post=46805"},{"taxonomy":"product_tag","embeddable":true,"href":"https:\/\/label.nl\/de\/wp-json\/wp\/v2\/product_tag?post=46805"}],"curies":[{"name":"wp","href":"https:\/\/api.w.org\/{rel}","templated":true}]}}