{"id":46815,"date":"2022-03-27T10:36:42","date_gmt":"2022-03-27T08:36:42","guid":{"rendered":"https:\/\/label.nl\/collectie\/unkategorisiert\/gabun-esszimmerstuhl"},"modified":"2024-04-30T16:44:27","modified_gmt":"2024-04-30T14:44:27","slug":"gabon","status":"publish","type":"product","link":"https:\/\/label.nl\/de\/collectie\/esstischstuhle\/gabon\/","title":{"rendered":"Gabon Esszimmerstuhl"},"content":{"rendered":"","protected":false},"excerpt":{"rendered":"<p style=\"font-weight: 400;\">Setzen Sie sich bequem auf eine Matte! Das ist die Philosophie des Designers Gerard van den Berg. Der R\u00fccken erinnert an das Sitzen in einer H\u00e4ngematte. Die lockere R\u00fcckenlehne passt sich dem R\u00fccken der Person an, die darin sitzt. Aber mit zus\u00e4tzlicher Lendenwirbelst\u00fctze f\u00fcr den unteren R\u00fccken, was lange Mahlzeiten sehr entspannend macht. Die lockere Polsterung verleiht diesem Stuhl einen l\u00e4ssigen Look.<\/p>\n<p style=\"font-weight: 400;\">Er ist auch mit einem aktiven Sitz erh\u00e4ltlich, bei dem die R\u00fcckenlehne f\u00fcr einen geraderen Sitz zur\u00fcckgesetzt ist.<\/p>\n<p style=\"font-weight: 400;\">Ebenfalls in dieser Familie erh\u00e4ltlich sind: Esszimmerstuhl <a href=\"https:\/\/label.nl\/collectie\/eetkamerstoelen\/gabon\">Gabon<\/a>, Barstuhl <a href=\"https:\/\/label.nl\/collectie\/barstoelen\/barstool-gabon\">Gabon<\/a>, Esszimmerstuhl <a href=\"https:\/\/label.nl\/collectie\/eetkamerstoelen\/mali\">Mali<\/a> und Sessel <a href=\"https:\/\/label.nl\/collectie\/fauteuils\/togo\">Togo<\/a>.<\/p>\n","protected":false},"featured_media":43442,"template":"","meta":{"_acf_changed":false},"product_brand":[],"product_cat":[341],"product_tag":[],"class_list":{"0":"post-46815","1":"product","2":"type-product","3":"status-publish","4":"has-post-thumbnail","6":"product_cat-esstischstuhle","8":"first","9":"instock","10":"shipping-taxable","11":"product-type-simple"},"acf":[],"_links":{"self":[{"href":"https:\/\/label.nl\/de\/wp-json\/wp\/v2\/product\/46815","targetHints":{"allow":["GET"]}}],"collection":[{"href":"https:\/\/label.nl\/de\/wp-json\/wp\/v2\/product"}],"about":[{"href":"https:\/\/label.nl\/de\/wp-json\/wp\/v2\/types\/product"}],"version-history":[{"count":1,"href":"https:\/\/label.nl\/de\/wp-json\/wp\/v2\/product\/46815\/revisions"}],"predecessor-version":[{"id":50799,"href":"https:\/\/label.nl\/de\/wp-json\/wp\/v2\/product\/46815\/revisions\/50799"}],"wp:featuredmedia":[{"embeddable":true,"href":"https:\/\/label.nl\/de\/wp-json\/wp\/v2\/media\/43442"}],"wp:attachment":[{"href":"https:\/\/label.nl\/de\/wp-json\/wp\/v2\/media?parent=46815"}],"wp:term":[{"taxonomy":"product_brand","embeddable":true,"href":"https:\/\/label.nl\/de\/wp-json\/wp\/v2\/product_brand?post=46815"},{"taxonomy":"product_cat","embeddable":true,"href":"https:\/\/label.nl\/de\/wp-json\/wp\/v2\/product_cat?post=46815"},{"taxonomy":"product_tag","embeddable":true,"href":"https:\/\/label.nl\/de\/wp-json\/wp\/v2\/product_tag?post=46815"}],"curies":[{"name":"wp","href":"https:\/\/api.w.org\/{rel}","templated":true}]}}