{"id":46823,"date":"2022-03-27T10:36:41","date_gmt":"2022-03-27T08:36:41","guid":{"rendered":"https:\/\/label.nl\/collectie\/unkategorisiert\/first-class-sessel"},"modified":"2024-04-30T17:27:47","modified_gmt":"2024-04-30T15:27:47","slug":"erstklassig","status":"publish","type":"product","link":"https:\/\/label.nl\/de\/collectie\/sessel\/erstklassig\/","title":{"rendered":"First Class Sessel"},"content":{"rendered":"","protected":false},"excerpt":{"rendered":"<p style=\"font-weight: 400;\">First Class zu Hause fliegen!<\/p>\n<p style=\"font-weight: 400;\">Das ist das Gef\u00fchl, das dieser Liegestuhl vermittelt. Mit einer Handbewegung bringen Sie den First Class in die f\u00fcr Sie angenehme Entspannungsposition. Der R\u00fccken ist in mehreren Positionen verstellbar. Die hohe R\u00fcckenlehne mit Ohren macht diesen Toel ideal zum Tr\u00e4umen.<\/p>\n<p style=\"font-weight: 400;\">Der<a href=\"https:\/\/label.nl\/collectie\/footstools\/footstool-first-class\"> passende Puff<\/a> vervollst\u00e4ndigt das entspannte Sitzen.<br \/>\nPassend zum First Class Liegesessel, aber auch als eigenst\u00e4ndige Ottomane sch\u00f6n.<\/p>\n","protected":false},"featured_media":43454,"template":"","meta":{"_acf_changed":false},"product_brand":[],"product_cat":[327],"product_tag":[],"class_list":{"0":"post-46823","1":"product","2":"type-product","3":"status-publish","4":"has-post-thumbnail","6":"product_cat-sessel","8":"first","9":"instock","10":"shipping-taxable","11":"product-type-simple"},"acf":[],"_links":{"self":[{"href":"https:\/\/label.nl\/de\/wp-json\/wp\/v2\/product\/46823","targetHints":{"allow":["GET"]}}],"collection":[{"href":"https:\/\/label.nl\/de\/wp-json\/wp\/v2\/product"}],"about":[{"href":"https:\/\/label.nl\/de\/wp-json\/wp\/v2\/types\/product"}],"version-history":[{"count":1,"href":"https:\/\/label.nl\/de\/wp-json\/wp\/v2\/product\/46823\/revisions"}],"predecessor-version":[{"id":50822,"href":"https:\/\/label.nl\/de\/wp-json\/wp\/v2\/product\/46823\/revisions\/50822"}],"wp:featuredmedia":[{"embeddable":true,"href":"https:\/\/label.nl\/de\/wp-json\/wp\/v2\/media\/43454"}],"wp:attachment":[{"href":"https:\/\/label.nl\/de\/wp-json\/wp\/v2\/media?parent=46823"}],"wp:term":[{"taxonomy":"product_brand","embeddable":true,"href":"https:\/\/label.nl\/de\/wp-json\/wp\/v2\/product_brand?post=46823"},{"taxonomy":"product_cat","embeddable":true,"href":"https:\/\/label.nl\/de\/wp-json\/wp\/v2\/product_cat?post=46823"},{"taxonomy":"product_tag","embeddable":true,"href":"https:\/\/label.nl\/de\/wp-json\/wp\/v2\/product_tag?post=46823"}],"curies":[{"name":"wp","href":"https:\/\/api.w.org\/{rel}","templated":true}]}}