{"id":46825,"date":"2022-03-27T10:36:41","date_gmt":"2022-03-27T08:36:41","guid":{"rendered":"https:\/\/label.nl\/collectie\/unkategorisiert\/easy-jr-esstischstuhl"},"modified":"2024-04-30T16:45:07","modified_gmt":"2024-04-30T14:45:07","slug":"easy-jr","status":"publish","type":"product","link":"https:\/\/label.nl\/de\/collectie\/esstischstuhle\/easy-jr\/","title":{"rendered":"Easy jr Esstischstuhl"},"content":{"rendered":"","protected":false},"excerpt":{"rendered":"<p style=\"font-weight: 400;\">Der Easy jr ist ein Sessel, bei dem das Gestell au\u00dfen liegt und der auch mit Drehfu\u00df erh\u00e4ltlich ist. Ein junges und modernes Design, das gleichzeitig einen Hauch von Retro enth\u00e4lt.<\/p>\n<p style=\"font-weight: 400;\">Ebenfalls in der Easy-Familie erh\u00e4ltlich: <a href=\"https:\/\/label.nl\/collectie\/fauteuils\/easy\">Easy-Sessel<\/a><\/p>\n","protected":false},"featured_media":43452,"template":"","meta":{"_acf_changed":false},"product_brand":[],"product_cat":[341],"product_tag":[],"class_list":{"0":"post-46825","1":"product","2":"type-product","3":"status-publish","4":"has-post-thumbnail","6":"product_cat-esstischstuhle","8":"first","9":"instock","10":"shipping-taxable","11":"product-type-simple"},"acf":[],"_links":{"self":[{"href":"https:\/\/label.nl\/de\/wp-json\/wp\/v2\/product\/46825","targetHints":{"allow":["GET"]}}],"collection":[{"href":"https:\/\/label.nl\/de\/wp-json\/wp\/v2\/product"}],"about":[{"href":"https:\/\/label.nl\/de\/wp-json\/wp\/v2\/types\/product"}],"version-history":[{"count":1,"href":"https:\/\/label.nl\/de\/wp-json\/wp\/v2\/product\/46825\/revisions"}],"predecessor-version":[{"id":50800,"href":"https:\/\/label.nl\/de\/wp-json\/wp\/v2\/product\/46825\/revisions\/50800"}],"wp:featuredmedia":[{"embeddable":true,"href":"https:\/\/label.nl\/de\/wp-json\/wp\/v2\/media\/43452"}],"wp:attachment":[{"href":"https:\/\/label.nl\/de\/wp-json\/wp\/v2\/media?parent=46825"}],"wp:term":[{"taxonomy":"product_brand","embeddable":true,"href":"https:\/\/label.nl\/de\/wp-json\/wp\/v2\/product_brand?post=46825"},{"taxonomy":"product_cat","embeddable":true,"href":"https:\/\/label.nl\/de\/wp-json\/wp\/v2\/product_cat?post=46825"},{"taxonomy":"product_tag","embeddable":true,"href":"https:\/\/label.nl\/de\/wp-json\/wp\/v2\/product_tag?post=46825"}],"curies":[{"name":"wp","href":"https:\/\/api.w.org\/{rel}","templated":true}]}}