{"id":46834,"date":"2020-12-08T08:04:02","date_gmt":"2020-12-08T06:04:02","guid":{"rendered":"https:\/\/label.nl\/collectie\/unkategorisiert\/chef-esszimmerstuhl"},"modified":"2024-04-30T16:45:56","modified_gmt":"2024-04-30T14:45:56","slug":"chief","status":"publish","type":"product","link":"https:\/\/label.nl\/de\/collectie\/esstischstuhle\/chief\/","title":{"rendered":"Chief-Esszimmerstuhl"},"content":{"rendered":"","protected":false},"excerpt":{"rendered":"<p>Ein Sessel f\u00fcr den Esstisch. Mit seiner flexiblen R\u00fcckenlehne sitzt der Stuhl wie angegossen. Als Fu\u00df k\u00f6nnen Sie zwischen einem modernen Drahtfu\u00df, festen Metallf\u00fc\u00dfen, Holzf\u00fc\u00dfen oder einem Drehfu\u00df w\u00e4hlen. Auch die Farbe der Beine k\u00f6nnen Sie selbst bestimmen! Sie sind der Chef!<br \/>\nEs gibt auch eine Version mit niedrigem R\u00fccken: <a href=\"https:\/\/label.nl\/collectie\/eetkamerstoelen\/chief-low\">Chief-Low<\/a><\/p>\n","protected":false},"featured_media":45094,"template":"","meta":{"_acf_changed":false},"product_brand":[63],"product_cat":[341],"product_tag":[],"class_list":{"0":"post-46834","1":"product","2":"type-product","3":"status-publish","4":"has-post-thumbnail","6":"product_brand-brand-4","7":"product_cat-esstischstuhle","9":"first","10":"instock","11":"shipping-taxable","12":"product-type-simple"},"acf":[],"_links":{"self":[{"href":"https:\/\/label.nl\/de\/wp-json\/wp\/v2\/product\/46834","targetHints":{"allow":["GET"]}}],"collection":[{"href":"https:\/\/label.nl\/de\/wp-json\/wp\/v2\/product"}],"about":[{"href":"https:\/\/label.nl\/de\/wp-json\/wp\/v2\/types\/product"}],"version-history":[{"count":1,"href":"https:\/\/label.nl\/de\/wp-json\/wp\/v2\/product\/46834\/revisions"}],"predecessor-version":[{"id":50801,"href":"https:\/\/label.nl\/de\/wp-json\/wp\/v2\/product\/46834\/revisions\/50801"}],"wp:featuredmedia":[{"embeddable":true,"href":"https:\/\/label.nl\/de\/wp-json\/wp\/v2\/media\/45094"}],"wp:attachment":[{"href":"https:\/\/label.nl\/de\/wp-json\/wp\/v2\/media?parent=46834"}],"wp:term":[{"taxonomy":"product_brand","embeddable":true,"href":"https:\/\/label.nl\/de\/wp-json\/wp\/v2\/product_brand?post=46834"},{"taxonomy":"product_cat","embeddable":true,"href":"https:\/\/label.nl\/de\/wp-json\/wp\/v2\/product_cat?post=46834"},{"taxonomy":"product_tag","embeddable":true,"href":"https:\/\/label.nl\/de\/wp-json\/wp\/v2\/product_tag?post=46834"}],"curies":[{"name":"wp","href":"https:\/\/api.w.org\/{rel}","templated":true}]}}