{"id":46836,"date":"2020-12-08T02:51:24","date_gmt":"2020-12-08T00:51:24","guid":{"rendered":"https:\/\/label.nl\/collectie\/unkategorisiert\/chief-low-dining-stuhl"},"modified":"2024-04-30T16:46:38","modified_gmt":"2024-04-30T14:46:38","slug":"chef-niederlassung","status":"publish","type":"product","link":"https:\/\/label.nl\/de\/collectie\/esstischstuhle\/chef-niederlassung\/","title":{"rendered":"Chief-Low Dining Stuhl"},"content":{"rendered":"","protected":false},"excerpt":{"rendered":"<p style=\"font-weight: 400;\">Am niedrigsten ist ein Sessel f\u00fcr den Esstisch. Mit seiner flexiblen R\u00fcckenlehne sitzt der Stuhl wie angegossen. Als Fu\u00df k\u00f6nnen Sie zwischen einem modernen Drahtfu\u00df, festen Metallf\u00fc\u00dfen, Holzf\u00fc\u00dfen oder einem Drehfu\u00df w\u00e4hlen. Auch die Farbe der Beine k\u00f6nnen Sie selbst bestimmen! Sie sind der Chef!<\/p>\n<p style=\"font-weight: 400;\">Es gibt auch eine Version mit hoher R\u00fcckenlehne: Chief<\/p>\n","protected":false},"featured_media":43514,"template":"","meta":{"_acf_changed":false},"product_brand":[63],"product_cat":[341],"product_tag":[],"class_list":{"0":"post-46836","1":"product","2":"type-product","3":"status-publish","4":"has-post-thumbnail","6":"product_brand-brand-4","7":"product_cat-esstischstuhle","9":"first","10":"instock","11":"shipping-taxable","12":"product-type-simple"},"acf":[],"_links":{"self":[{"href":"https:\/\/label.nl\/de\/wp-json\/wp\/v2\/product\/46836","targetHints":{"allow":["GET"]}}],"collection":[{"href":"https:\/\/label.nl\/de\/wp-json\/wp\/v2\/product"}],"about":[{"href":"https:\/\/label.nl\/de\/wp-json\/wp\/v2\/types\/product"}],"version-history":[{"count":1,"href":"https:\/\/label.nl\/de\/wp-json\/wp\/v2\/product\/46836\/revisions"}],"predecessor-version":[{"id":50802,"href":"https:\/\/label.nl\/de\/wp-json\/wp\/v2\/product\/46836\/revisions\/50802"}],"wp:featuredmedia":[{"embeddable":true,"href":"https:\/\/label.nl\/de\/wp-json\/wp\/v2\/media\/43514"}],"wp:attachment":[{"href":"https:\/\/label.nl\/de\/wp-json\/wp\/v2\/media?parent=46836"}],"wp:term":[{"taxonomy":"product_brand","embeddable":true,"href":"https:\/\/label.nl\/de\/wp-json\/wp\/v2\/product_brand?post=46836"},{"taxonomy":"product_cat","embeddable":true,"href":"https:\/\/label.nl\/de\/wp-json\/wp\/v2\/product_cat?post=46836"},{"taxonomy":"product_tag","embeddable":true,"href":"https:\/\/label.nl\/de\/wp-json\/wp\/v2\/product_tag?post=46836"}],"curies":[{"name":"wp","href":"https:\/\/api.w.org\/{rel}","templated":true}]}}