{"id":46838,"date":"2020-12-08T02:50:12","date_gmt":"2020-12-08T00:50:12","guid":{"rendered":"https:\/\/label.nl\/collectie\/unkategorisiert\/cocoon-barhocker"},"modified":"2024-04-30T16:35:17","modified_gmt":"2024-04-30T14:35:17","slug":"kokonbar","status":"publish","type":"product","link":"https:\/\/label.nl\/de\/collectie\/barhocker\/kokonbar\/","title":{"rendered":"Cocoon Barhocker"},"content":{"rendered":"<p style=\"font-weight: 400;\">Inspiriert von den weichen, warmen, gesteppten Winterm\u00e4nteln, die so sch\u00f6n sind, wenn es drau\u00dfen kalt ist. Durch den gesteppten Bezug sieht es super cool aus.<\/p>\n<p style=\"font-weight: 400;\">Zur Cocoon-Familie geh\u00f6ren au\u00dferdem: <a href=\"https:\/\/label.nl\/de\/collectie\/sofa\/sofa-kokon\">Sofa<\/a>, <a href=\"https:\/\/label.nl\/de\/collectie\/esstischstuhle\/cocoon-dining-2\">Esszimmerstuhl<\/a>, <a href=\"https:\/\/label.nl\/de\/collectie\/sessel\/cocoon-lounge\">Sessel<\/a>, <a href=\"https:\/\/label.nl\/de\/collectie\/banke-fur-das-esszimmer\/kokosnuss-bank\">Esstischbank<\/a> und Pouffe.<\/p>\n","protected":false},"excerpt":{"rendered":"<p style=\"font-weight: 400;\">Inspiriert von den weichen, warmen, gesteppten Winterm\u00e4nteln, die so sch\u00f6n sind, wenn es drau\u00dfen kalt ist. Durch den gesteppten Bezug sieht es super cool aus.<\/p>\n<p style=\"font-weight: 400;\">Zur Cocoon-Familie geh\u00f6ren au\u00dferdem: <a href=\"https:\/\/label.nl\/collectie\/banken\/sofa-cocoon\">Sofa<\/a>, <a href=\"https:\/\/label.nl\/collectie\/eetkamerstoelen\/cocoon-dining-2\">Esszimmerstuhl<\/a>, <a href=\"https:\/\/label.nl\/collectie\/fauteuils\/cocoon-lounge\">Sessel<\/a>, <a href=\"https:\/\/label.nl\/collectie\/eetkamerbanken\/cocoon-bench\">Esstischbank<\/a> und Pouffe.<\/p>\n","protected":false},"featured_media":43366,"template":"","meta":{"_acf_changed":false},"product_brand":[64],"product_cat":[365],"product_tag":[],"class_list":{"0":"post-46838","1":"product","2":"type-product","3":"status-publish","4":"has-post-thumbnail","6":"product_brand-brand-5","7":"product_cat-barhocker","9":"first","10":"instock","11":"shipping-taxable","12":"product-type-simple"},"acf":[],"_links":{"self":[{"href":"https:\/\/label.nl\/de\/wp-json\/wp\/v2\/product\/46838","targetHints":{"allow":["GET"]}}],"collection":[{"href":"https:\/\/label.nl\/de\/wp-json\/wp\/v2\/product"}],"about":[{"href":"https:\/\/label.nl\/de\/wp-json\/wp\/v2\/types\/product"}],"version-history":[{"count":1,"href":"https:\/\/label.nl\/de\/wp-json\/wp\/v2\/product\/46838\/revisions"}],"predecessor-version":[{"id":50791,"href":"https:\/\/label.nl\/de\/wp-json\/wp\/v2\/product\/46838\/revisions\/50791"}],"wp:featuredmedia":[{"embeddable":true,"href":"https:\/\/label.nl\/de\/wp-json\/wp\/v2\/media\/43366"}],"wp:attachment":[{"href":"https:\/\/label.nl\/de\/wp-json\/wp\/v2\/media?parent=46838"}],"wp:term":[{"taxonomy":"product_brand","embeddable":true,"href":"https:\/\/label.nl\/de\/wp-json\/wp\/v2\/product_brand?post=46838"},{"taxonomy":"product_cat","embeddable":true,"href":"https:\/\/label.nl\/de\/wp-json\/wp\/v2\/product_cat?post=46838"},{"taxonomy":"product_tag","embeddable":true,"href":"https:\/\/label.nl\/de\/wp-json\/wp\/v2\/product_tag?post=46838"}],"curies":[{"name":"wp","href":"https:\/\/api.w.org\/{rel}","templated":true}]}}