{"id":46840,"date":"2020-12-08T02:48:58","date_gmt":"2020-12-08T00:48:58","guid":{"rendered":"https:\/\/label.nl\/collectie\/unkategorisiert\/cocoon-lounge-sessel"},"modified":"2023-04-14T12:15:35","modified_gmt":"2023-04-14T12:15:35","slug":"cocoon-lounge","status":"publish","type":"product","link":"https:\/\/label.nl\/de\/collectie\/sessel\/cocoon-lounge\/","title":{"rendered":"Cocoon Lounge Sessel"},"content":{"rendered":"","protected":false},"excerpt":{"rendered":"<p style=\"font-weight: 400;\">Inspiriert von den weichen, warmen, gesteppten Winterm\u00e4nteln, die so sch\u00f6n sind, wenn es drau\u00dfen kalt ist. Durch den gesteppten Bezug sieht es super cool aus.<\/p>\n<p style=\"font-weight: 400;\">Zur Cocoon-Familie geh\u00f6ren au\u00dferdem: <a href=\"https:\/\/label.nl\/collectie\/banken\/sofa-cocoon\">Sofa<\/a>, <a href=\"https:\/\/label.nl\/collectie\/eetkamerstoelen\/cocoon-dining-2\">Esszimmerstuhl<\/a>, <a href=\"https:\/\/label.nl\/collectie\/barstoelen\/cocoon-bar\">Barhocker<\/a>, <a href=\"https:\/\/label.nl\/collectie\/eetkamerbanken\/cocoon-bench\">Esszimmerbank<\/a> und <a href=\"https:\/\/label.nl\/collectie\/footstools\/footstool-cocoon\">Pouffe<\/a>.<\/p>\n","protected":false},"featured_media":43446,"template":"","meta":{"_acf_changed":false},"product_brand":[63],"product_cat":[327],"product_tag":[],"class_list":{"0":"post-46840","1":"product","2":"type-product","3":"status-publish","4":"has-post-thumbnail","6":"product_brand-brand-4","7":"product_cat-sessel","9":"first","10":"instock","11":"shipping-taxable","12":"product-type-simple"},"acf":[],"_links":{"self":[{"href":"https:\/\/label.nl\/de\/wp-json\/wp\/v2\/product\/46840","targetHints":{"allow":["GET"]}}],"collection":[{"href":"https:\/\/label.nl\/de\/wp-json\/wp\/v2\/product"}],"about":[{"href":"https:\/\/label.nl\/de\/wp-json\/wp\/v2\/types\/product"}],"version-history":[{"count":0,"href":"https:\/\/label.nl\/de\/wp-json\/wp\/v2\/product\/46840\/revisions"}],"wp:featuredmedia":[{"embeddable":true,"href":"https:\/\/label.nl\/de\/wp-json\/wp\/v2\/media\/43446"}],"wp:attachment":[{"href":"https:\/\/label.nl\/de\/wp-json\/wp\/v2\/media?parent=46840"}],"wp:term":[{"taxonomy":"product_brand","embeddable":true,"href":"https:\/\/label.nl\/de\/wp-json\/wp\/v2\/product_brand?post=46840"},{"taxonomy":"product_cat","embeddable":true,"href":"https:\/\/label.nl\/de\/wp-json\/wp\/v2\/product_cat?post=46840"},{"taxonomy":"product_tag","embeddable":true,"href":"https:\/\/label.nl\/de\/wp-json\/wp\/v2\/product_tag?post=46840"}],"curies":[{"name":"wp","href":"https:\/\/api.w.org\/{rel}","templated":true}]}}