{"id":48317,"date":"2023-05-30T13:03:13","date_gmt":"2023-05-30T11:03:13","guid":{"rendered":"https:\/\/label.nl\/collectie\/unkategorisiert\/cocoon-mini-pouffe\/"},"modified":"2024-04-30T16:29:58","modified_gmt":"2024-04-30T14:29:58","slug":"cocoon-mini-pouffe","status":"publish","type":"product","link":"https:\/\/label.nl\/de\/collectie\/pouffes-de\/cocoon-mini-pouffe\/","title":{"rendered":"Cocoon Mini-Pouffe"},"content":{"rendered":"","protected":false},"excerpt":{"rendered":"<p>Der Cocoon Mini ist die etwas kleinere Version des Cocoon Footstool.<br \/>\nPassend zum <a href=\"https:\/\/label.nl\/collectie\/banken\/sofa-cocoon\">Cocoon-Sofa<\/a>, aber auch als alleinstehender Pouffe sch\u00f6n.<\/p>\n<p>Inspiriert von den weichen, warmen, gesteppten Winterm\u00e4nteln, die so sch\u00f6n sind, wenn es drau\u00dfen kalt ist. Durch den gesteppten Bezug sieht es super cool aus.<\/p>\n<p>Zur Cocoon-Familie geh\u00f6ren au\u00dferdem: Sofa, <a href=\"https:\/\/label.nl\/collectie\/eetkamerstoelen\/cocoon-dining-2\">Esszimmerstuhl<\/a>, <a href=\"https:\/\/label.nl\/collectie\/fauteuils\/cocoon-lounge\">Sessel<\/a>, <a href=\"https:\/\/label.nl\/collectie\/barstoelen\/cocoon-bar\">Barhocker<\/a> und <a href=\"https:\/\/label.nl\/collectie\/eetkamerbanken\/cocoon-bench\">Esszimmerbank<\/a>.<\/p>\n","protected":false},"featured_media":48303,"template":"","meta":{"_acf_changed":false},"product_brand":[],"product_cat":[292],"product_tag":[],"class_list":{"0":"post-48317","1":"product","2":"type-product","3":"status-publish","4":"has-post-thumbnail","6":"product_cat-pouffes-de","8":"first","9":"instock","10":"shipping-taxable","11":"product-type-simple"},"acf":[],"_links":{"self":[{"href":"https:\/\/label.nl\/de\/wp-json\/wp\/v2\/product\/48317","targetHints":{"allow":["GET"]}}],"collection":[{"href":"https:\/\/label.nl\/de\/wp-json\/wp\/v2\/product"}],"about":[{"href":"https:\/\/label.nl\/de\/wp-json\/wp\/v2\/types\/product"}],"version-history":[{"count":1,"href":"https:\/\/label.nl\/de\/wp-json\/wp\/v2\/product\/48317\/revisions"}],"predecessor-version":[{"id":50786,"href":"https:\/\/label.nl\/de\/wp-json\/wp\/v2\/product\/48317\/revisions\/50786"}],"wp:featuredmedia":[{"embeddable":true,"href":"https:\/\/label.nl\/de\/wp-json\/wp\/v2\/media\/48303"}],"wp:attachment":[{"href":"https:\/\/label.nl\/de\/wp-json\/wp\/v2\/media?parent=48317"}],"wp:term":[{"taxonomy":"product_brand","embeddable":true,"href":"https:\/\/label.nl\/de\/wp-json\/wp\/v2\/product_brand?post=48317"},{"taxonomy":"product_cat","embeddable":true,"href":"https:\/\/label.nl\/de\/wp-json\/wp\/v2\/product_cat?post=48317"},{"taxonomy":"product_tag","embeddable":true,"href":"https:\/\/label.nl\/de\/wp-json\/wp\/v2\/product_tag?post=48317"}],"curies":[{"name":"wp","href":"https:\/\/api.w.org\/{rel}","templated":true}]}}