{"id":50781,"date":"2024-02-23T14:04:18","date_gmt":"2024-02-23T12:04:18","guid":{"rendered":"https:\/\/label.nl\/?post_type=product&#038;p=50781"},"modified":"2025-04-30T02:05:54","modified_gmt":"2025-04-30T00:05:54","slug":"daja","status":"publish","type":"product","link":"https:\/\/label.nl\/de\/collectie\/sofa\/daja\/","title":{"rendered":"Daja Sofa"},"content":{"rendered":"","protected":false},"excerpt":{"rendered":"<p>Dieses neue Sofa wurde vom Hidde Soft-Sessel inspiriert! In beiden Modellen kommt die gleiche Designsprache zum Einsatz. Eine Art (Hunde-)Korb mit erh\u00f6hter R\u00fcckenlehne, in den man sich hineinkuscheln kann. Die Bank hat ihren Namen von Gerards erstem Hund, der Daja hie\u00df.<\/p>\n<p>Daja ist au\u00dfen straff gepolstert und innen lockerer gepolstert.<\/p>\n","protected":false},"featured_media":54651,"template":"","meta":{"_acf_changed":false},"product_brand":[],"product_cat":[331],"product_tag":[],"class_list":{"0":"post-50781","1":"product","2":"type-product","3":"status-publish","4":"has-post-thumbnail","6":"product_cat-sofa","8":"first","9":"instock","10":"shipping-taxable","11":"product-type-simple"},"acf":[],"_links":{"self":[{"href":"https:\/\/label.nl\/de\/wp-json\/wp\/v2\/product\/50781","targetHints":{"allow":["GET"]}}],"collection":[{"href":"https:\/\/label.nl\/de\/wp-json\/wp\/v2\/product"}],"about":[{"href":"https:\/\/label.nl\/de\/wp-json\/wp\/v2\/types\/product"}],"version-history":[{"count":1,"href":"https:\/\/label.nl\/de\/wp-json\/wp\/v2\/product\/50781\/revisions"}],"predecessor-version":[{"id":54658,"href":"https:\/\/label.nl\/de\/wp-json\/wp\/v2\/product\/50781\/revisions\/54658"}],"wp:featuredmedia":[{"embeddable":true,"href":"https:\/\/label.nl\/de\/wp-json\/wp\/v2\/media\/54651"}],"wp:attachment":[{"href":"https:\/\/label.nl\/de\/wp-json\/wp\/v2\/media?parent=50781"}],"wp:term":[{"taxonomy":"product_brand","embeddable":true,"href":"https:\/\/label.nl\/de\/wp-json\/wp\/v2\/product_brand?post=50781"},{"taxonomy":"product_cat","embeddable":true,"href":"https:\/\/label.nl\/de\/wp-json\/wp\/v2\/product_cat?post=50781"},{"taxonomy":"product_tag","embeddable":true,"href":"https:\/\/label.nl\/de\/wp-json\/wp\/v2\/product_tag?post=50781"}],"curies":[{"name":"wp","href":"https:\/\/api.w.org\/{rel}","templated":true}]}}