{"id":53799,"date":"2025-04-08T13:11:45","date_gmt":"2025-04-08T11:11:45","guid":{"rendered":"https:\/\/label.nl\/?post_type=product&#038;p=53799"},"modified":"2025-05-15T16:03:05","modified_gmt":"2025-05-15T14:03:05","slug":"tulip","status":"publish","type":"product","link":"https:\/\/label.nl\/de\/collectie\/esstischstuhle\/tulip\/","title":{"rendered":"Tulip Esszimmerstuhl"},"content":{"rendered":"","protected":false},"excerpt":{"rendered":"<p>Der Tulip Stuhl ist eine verfeinerte Mischung aus zeitlosem Design und moderner Eleganz. Inspiriert von den flie\u00dfenden Formen einer Tulpe, strahlt der Stuhl eine organische Ausstrahlung aus, die Ruhe und Stil vermittelt. Mit einem komfortablen Sitz und luxuri\u00f6ser Verarbeitung bietet der Tulip Stuhl sowohl Sch\u00f6nheit als auch Funktionalit\u00e4t. Erh\u00e4ltlich in verschiedenen Stoffen und Ledern, kann er vollst\u00e4ndig an deine pers\u00f6nlichen Vorlieben angepasst werden. Ein subtiler Blickfang f\u00fcr jeden Raum.<\/p>\n","protected":false},"featured_media":54033,"template":"","meta":{"_acf_changed":false},"product_brand":[],"product_cat":[341],"product_tag":[],"class_list":{"0":"post-53799","1":"product","2":"type-product","3":"status-publish","4":"has-post-thumbnail","6":"product_cat-esstischstuhle","8":"first","9":"instock","10":"shipping-taxable","11":"product-type-simple"},"acf":[],"_links":{"self":[{"href":"https:\/\/label.nl\/de\/wp-json\/wp\/v2\/product\/53799","targetHints":{"allow":["GET"]}}],"collection":[{"href":"https:\/\/label.nl\/de\/wp-json\/wp\/v2\/product"}],"about":[{"href":"https:\/\/label.nl\/de\/wp-json\/wp\/v2\/types\/product"}],"version-history":[{"count":1,"href":"https:\/\/label.nl\/de\/wp-json\/wp\/v2\/product\/53799\/revisions"}],"predecessor-version":[{"id":54745,"href":"https:\/\/label.nl\/de\/wp-json\/wp\/v2\/product\/53799\/revisions\/54745"}],"wp:featuredmedia":[{"embeddable":true,"href":"https:\/\/label.nl\/de\/wp-json\/wp\/v2\/media\/54033"}],"wp:attachment":[{"href":"https:\/\/label.nl\/de\/wp-json\/wp\/v2\/media?parent=53799"}],"wp:term":[{"taxonomy":"product_brand","embeddable":true,"href":"https:\/\/label.nl\/de\/wp-json\/wp\/v2\/product_brand?post=53799"},{"taxonomy":"product_cat","embeddable":true,"href":"https:\/\/label.nl\/de\/wp-json\/wp\/v2\/product_cat?post=53799"},{"taxonomy":"product_tag","embeddable":true,"href":"https:\/\/label.nl\/de\/wp-json\/wp\/v2\/product_tag?post=53799"}],"curies":[{"name":"wp","href":"https:\/\/api.w.org\/{rel}","templated":true}]}}