{"id":53809,"date":"2025-04-08T13:14:38","date_gmt":"2025-04-08T11:14:38","guid":{"rendered":"https:\/\/label.nl\/?post_type=product&#038;p=53809"},"modified":"2025-05-16T00:34:42","modified_gmt":"2025-05-15T22:34:42","slug":"berry-2","status":"publish","type":"product","link":"https:\/\/label.nl\/de\/collectie\/pouffes-de\/berry-2\/","title":{"rendered":"Berry Mini"},"content":{"rendered":"","protected":false},"excerpt":{"rendered":"<p>Der Berry Hocker ist ein verspieltes und komfortables Design, inspiriert von der H\u00fclle einer Erdbeere mit einem dezenten Verweis auf klassische Kapitonierung. Seine organische Form verleiht ihm Charakter und eine eigenwillige Note. Als perfekte Erg\u00e4nzung zum Berry Sofa bietet der Hocker zus\u00e4tzlichen Komfort, Flexibilit\u00e4t und ein stilvolles Detail f\u00fcr jedes Interieur.<\/p>\n","protected":false},"featured_media":54098,"template":"","meta":{"_acf_changed":false},"product_brand":[],"product_cat":[292],"product_tag":[],"class_list":{"0":"post-53809","1":"product","2":"type-product","3":"status-publish","4":"has-post-thumbnail","6":"product_cat-pouffes-de","8":"first","9":"instock","10":"shipping-taxable","11":"product-type-simple"},"acf":[],"_links":{"self":[{"href":"https:\/\/label.nl\/de\/wp-json\/wp\/v2\/product\/53809","targetHints":{"allow":["GET"]}}],"collection":[{"href":"https:\/\/label.nl\/de\/wp-json\/wp\/v2\/product"}],"about":[{"href":"https:\/\/label.nl\/de\/wp-json\/wp\/v2\/types\/product"}],"version-history":[{"count":1,"href":"https:\/\/label.nl\/de\/wp-json\/wp\/v2\/product\/53809\/revisions"}],"predecessor-version":[{"id":54969,"href":"https:\/\/label.nl\/de\/wp-json\/wp\/v2\/product\/53809\/revisions\/54969"}],"wp:featuredmedia":[{"embeddable":true,"href":"https:\/\/label.nl\/de\/wp-json\/wp\/v2\/media\/54098"}],"wp:attachment":[{"href":"https:\/\/label.nl\/de\/wp-json\/wp\/v2\/media?parent=53809"}],"wp:term":[{"taxonomy":"product_brand","embeddable":true,"href":"https:\/\/label.nl\/de\/wp-json\/wp\/v2\/product_brand?post=53809"},{"taxonomy":"product_cat","embeddable":true,"href":"https:\/\/label.nl\/de\/wp-json\/wp\/v2\/product_cat?post=53809"},{"taxonomy":"product_tag","embeddable":true,"href":"https:\/\/label.nl\/de\/wp-json\/wp\/v2\/product_tag?post=53809"}],"curies":[{"name":"wp","href":"https:\/\/api.w.org\/{rel}","templated":true}]}}