{"id":53812,"date":"2025-04-08T13:15:30","date_gmt":"2025-04-08T11:15:30","guid":{"rendered":"https:\/\/label.nl\/?post_type=product&#038;p=53812"},"modified":"2025-05-15T16:06:52","modified_gmt":"2025-05-15T14:06:52","slug":"duke","status":"publish","type":"product","link":"https:\/\/label.nl\/de\/collectie\/drausen\/duke\/","title":{"rendered":"Duke Outdoor"},"content":{"rendered":"","protected":false},"excerpt":{"rendered":"<p>Der Duke Outdoor-Stuhl, entworfen von Peter van de Water, ist eine perfekte Erg\u00e4nzung f\u00fcr den Au\u00dfenbereich \u2013 nicht nur ein echter Blickfang, sondern auch ideal f\u00fcr alle, die gerne lange tafeln. Mit seinem abnehmbaren und waschbaren Bezug ist er besonders praktisch. Der weiche Kragen sorgt f\u00fcr zus\u00e4tzlichen Komfort im R\u00fccken. Stellen Sie Ihre pers\u00f6nliche Lieblingskombination aus 20 verschiedenen Stahlfarben und zahlreichen Outdoor-Stoffen aus unserer Kollektion zusammen.<\/p>\n","protected":false},"featured_media":54195,"template":"","meta":{"_acf_changed":false},"product_brand":[],"product_cat":[359],"product_tag":[],"class_list":{"0":"post-53812","1":"product","2":"type-product","3":"status-publish","4":"has-post-thumbnail","6":"product_cat-drausen","8":"first","9":"instock","10":"shipping-taxable","11":"product-type-simple"},"acf":[],"_links":{"self":[{"href":"https:\/\/label.nl\/de\/wp-json\/wp\/v2\/product\/53812","targetHints":{"allow":["GET"]}}],"collection":[{"href":"https:\/\/label.nl\/de\/wp-json\/wp\/v2\/product"}],"about":[{"href":"https:\/\/label.nl\/de\/wp-json\/wp\/v2\/types\/product"}],"version-history":[{"count":1,"href":"https:\/\/label.nl\/de\/wp-json\/wp\/v2\/product\/53812\/revisions"}],"predecessor-version":[{"id":54752,"href":"https:\/\/label.nl\/de\/wp-json\/wp\/v2\/product\/53812\/revisions\/54752"}],"wp:featuredmedia":[{"embeddable":true,"href":"https:\/\/label.nl\/de\/wp-json\/wp\/v2\/media\/54195"}],"wp:attachment":[{"href":"https:\/\/label.nl\/de\/wp-json\/wp\/v2\/media?parent=53812"}],"wp:term":[{"taxonomy":"product_brand","embeddable":true,"href":"https:\/\/label.nl\/de\/wp-json\/wp\/v2\/product_brand?post=53812"},{"taxonomy":"product_cat","embeddable":true,"href":"https:\/\/label.nl\/de\/wp-json\/wp\/v2\/product_cat?post=53812"},{"taxonomy":"product_tag","embeddable":true,"href":"https:\/\/label.nl\/de\/wp-json\/wp\/v2\/product_tag?post=53812"}],"curies":[{"name":"wp","href":"https:\/\/api.w.org\/{rel}","templated":true}]}}