{"id":53821,"date":"2025-04-08T15:01:12","date_gmt":"2025-04-08T13:01:12","guid":{"rendered":"https:\/\/label.nl\/?post_type=product&#038;p=53821"},"modified":"2025-05-15T16:05:42","modified_gmt":"2025-05-15T14:05:42","slug":"mali-ritz","status":"publish","type":"product","link":"https:\/\/label.nl\/de\/collectie\/esstischstuhle\/mali-ritz\/","title":{"rendered":"Mali Ritz"},"content":{"rendered":"","protected":false},"excerpt":{"rendered":"<p>Der Mali Ritz Esszimmerstuhl vereint Stil und Komfort in einem Design. Inspiriert von der einfachen, aber effektiven Sitzweise eines klappbaren Campingstuhls, bietet er eine einzigartige R\u00fcckenunterst\u00fctzung durch ein flexibles Polstermodul, das sich geschmeidig an den R\u00fccken anpasst. So wird selbst bei l\u00e4ngerem Sitzen optimaler Komfort gew\u00e4hrleistet.<br \/>\nDer Stuhl ist in verschiedenen Stoffen und Ledersorten erh\u00e4ltlich und f\u00fcgt sich harmonisch in jeden Essbereich ein. Der abnehmbare Bezug macht die Pflege einfach und praktisch.<br \/>\nDer Mali (Ritz) ist sowohl mit hoher als auch mit niedriger R\u00fcckenlehne erh\u00e4ltlich, damit du die Variante w\u00e4hlen kannst, die deinen Sitzkomfort am besten unterst\u00fctzt.<br \/>\nEbenfalls in dieser Familie erh\u00e4ltlich: Mali Esszimmerstuhl, <a href=\"https:\/\/label.nl\/de\/collectie\/esstischstuhle\/gabon\/\">Gabon<\/a>, Barhocker <a href=\"https:\/\/label.nl\/de\/collectie\/barhocker\/barhocker-gabun\/\">Gabon<\/a> und Sessel <a href=\"https:\/\/label.nl\/de\/collectie\/sessel\/togo\/\">Togo<\/a>.<\/p>\n","protected":false},"featured_media":53953,"template":"","meta":{"_acf_changed":false},"product_brand":[],"product_cat":[341],"product_tag":[],"class_list":{"0":"post-53821","1":"product","2":"type-product","3":"status-publish","4":"has-post-thumbnail","6":"product_cat-esstischstuhle","8":"first","9":"instock","10":"shipping-taxable","11":"product-type-simple"},"acf":[],"_links":{"self":[{"href":"https:\/\/label.nl\/de\/wp-json\/wp\/v2\/product\/53821","targetHints":{"allow":["GET"]}}],"collection":[{"href":"https:\/\/label.nl\/de\/wp-json\/wp\/v2\/product"}],"about":[{"href":"https:\/\/label.nl\/de\/wp-json\/wp\/v2\/types\/product"}],"version-history":[{"count":1,"href":"https:\/\/label.nl\/de\/wp-json\/wp\/v2\/product\/53821\/revisions"}],"predecessor-version":[{"id":54749,"href":"https:\/\/label.nl\/de\/wp-json\/wp\/v2\/product\/53821\/revisions\/54749"}],"wp:featuredmedia":[{"embeddable":true,"href":"https:\/\/label.nl\/de\/wp-json\/wp\/v2\/media\/53953"}],"wp:attachment":[{"href":"https:\/\/label.nl\/de\/wp-json\/wp\/v2\/media?parent=53821"}],"wp:term":[{"taxonomy":"product_brand","embeddable":true,"href":"https:\/\/label.nl\/de\/wp-json\/wp\/v2\/product_brand?post=53821"},{"taxonomy":"product_cat","embeddable":true,"href":"https:\/\/label.nl\/de\/wp-json\/wp\/v2\/product_cat?post=53821"},{"taxonomy":"product_tag","embeddable":true,"href":"https:\/\/label.nl\/de\/wp-json\/wp\/v2\/product_tag?post=53821"}],"curies":[{"name":"wp","href":"https:\/\/api.w.org\/{rel}","templated":true}]}}