{"id":55032,"date":"2025-05-18T02:42:22","date_gmt":"2025-05-18T00:42:22","guid":{"rendered":"https:\/\/label.nl\/collectie\/unkategorisiert\/aletta-eetkamerstoel-kopie\/"},"modified":"2025-05-18T03:22:18","modified_gmt":"2025-05-18T01:22:18","slug":"aletta-esszimmerstuhl","status":"publish","type":"product","link":"https:\/\/label.nl\/de\/collectie\/esstischstuhle\/aletta-esszimmerstuhl\/","title":{"rendered":"Aletta Esszimmerstuhl"},"content":{"rendered":"","protected":false},"excerpt":{"rendered":"<p>So sch\u00f6n, dass man sitzen bleiben m\u00f6chte, und so bequem, dass man gar nicht mehr aufstehen will.<\/p>\n<p>Mit ihren runden Formen, der perfekten Nahtf\u00fchrung und dem in jedem Detail sichtbaren handwerklichen K\u00f6nnen bietet\u00a0<span class=\"il\">Aletta<\/span>\u00a0einen au\u00dfergew\u00f6hnlichen Sitzkomfort. Das Design strahlt schlichte Eleganz aus und f\u00fcgt sich harmonisch in jede Umgebung ein. Die R\u00fcckseite der\u00a0<span class=\"il\">Aletta<\/span>\u00a0\u00fcberrascht mit einem wundersch\u00f6nen Linienverlauf: Der diagonal gesetzte Rei\u00dfverschluss macht sie am Esstisch zu einem besonderen Blickfang.<\/p>\n<p>Ob beim Entspannen oder beim Zusammensein mit Freunden \u2013\u00a0<span class=\"il\">Aletta<\/span>\u00a0ist die ideale Wahl f\u00fcr alle, die Stil und Komfort gleicherma\u00dfen sch\u00e4tzen.<\/p>\n","protected":false},"featured_media":54975,"template":"","meta":{"_acf_changed":false},"product_brand":[],"product_cat":[341],"product_tag":[],"class_list":{"0":"post-55032","1":"product","2":"type-product","3":"status-publish","4":"has-post-thumbnail","6":"product_cat-esstischstuhle","8":"first","9":"instock","10":"shipping-taxable","11":"product-type-simple"},"acf":[],"_links":{"self":[{"href":"https:\/\/label.nl\/de\/wp-json\/wp\/v2\/product\/55032","targetHints":{"allow":["GET"]}}],"collection":[{"href":"https:\/\/label.nl\/de\/wp-json\/wp\/v2\/product"}],"about":[{"href":"https:\/\/label.nl\/de\/wp-json\/wp\/v2\/types\/product"}],"version-history":[{"count":1,"href":"https:\/\/label.nl\/de\/wp-json\/wp\/v2\/product\/55032\/revisions"}],"predecessor-version":[{"id":55043,"href":"https:\/\/label.nl\/de\/wp-json\/wp\/v2\/product\/55032\/revisions\/55043"}],"wp:featuredmedia":[{"embeddable":true,"href":"https:\/\/label.nl\/de\/wp-json\/wp\/v2\/media\/54975"}],"wp:attachment":[{"href":"https:\/\/label.nl\/de\/wp-json\/wp\/v2\/media?parent=55032"}],"wp:term":[{"taxonomy":"product_brand","embeddable":true,"href":"https:\/\/label.nl\/de\/wp-json\/wp\/v2\/product_brand?post=55032"},{"taxonomy":"product_cat","embeddable":true,"href":"https:\/\/label.nl\/de\/wp-json\/wp\/v2\/product_cat?post=55032"},{"taxonomy":"product_tag","embeddable":true,"href":"https:\/\/label.nl\/de\/wp-json\/wp\/v2\/product_tag?post=55032"}],"curies":[{"name":"wp","href":"https:\/\/api.w.org\/{rel}","templated":true}]}}