{"id":56749,"date":"2023-09-25T17:37:45","date_gmt":"2023-09-25T15:37:45","guid":{"rendered":"https:\/\/label.nl\/collectie\/unkategorisiert\/bean-fauteuil\/"},"modified":"2023-09-25T17:37:45","modified_gmt":"2023-09-25T15:37:45","slug":"bean-fauteuil","status":"publish","type":"product","link":"https:\/\/label.nl\/de\/collectie\/sessel\/bean-fauteuil\/","title":{"rendered":"Bean Fauteuil"},"content":{"rendered":"","protected":false},"excerpt":{"rendered":"<p>Bean entstand durch Skizzieren und das spielerische Experimentieren mit Formen. Auf dem Papier entstand ein volumin\u00f6ser, aber eleganter Stuhl. Anschlie\u00dfend trafen wir mehrere wichtige Entscheidungen \u00fcber Proportionen, Ergonomie, Polsterung, Materialien und Farben, um einen komfortablen Stuhl zu schaffen. Dennoch bleibt der lebendige Charakter der urspr\u00fcnglichen Skizze im Endergebnis sichtbar.   <\/p>\n<p>Daphna Laurens: \u201eWir lieben das niederl\u00e4ndische Wort \u201avormgever\u2018 \u2013 w\u00f6rtlich \u00fcbersetzt: jemand, der Form gibt. Formen geben \u2013 Gedanken, Objekten, Produkten und R\u00e4umen \u2013 ist genau das, was wir tun.\u201c<\/p>\n","protected":false},"featured_media":50171,"template":"","meta":{"_acf_changed":false},"product_brand":[],"product_cat":[327],"product_tag":[],"class_list":{"0":"post-56749","1":"product","2":"type-product","3":"status-publish","4":"has-post-thumbnail","6":"product_cat-sessel","8":"first","9":"instock","10":"shipping-taxable","11":"product-type-simple"},"acf":[],"_links":{"self":[{"href":"https:\/\/label.nl\/de\/wp-json\/wp\/v2\/product\/56749","targetHints":{"allow":["GET"]}}],"collection":[{"href":"https:\/\/label.nl\/de\/wp-json\/wp\/v2\/product"}],"about":[{"href":"https:\/\/label.nl\/de\/wp-json\/wp\/v2\/types\/product"}],"version-history":[{"count":0,"href":"https:\/\/label.nl\/de\/wp-json\/wp\/v2\/product\/56749\/revisions"}],"wp:featuredmedia":[{"embeddable":true,"href":"https:\/\/label.nl\/de\/wp-json\/wp\/v2\/media\/50171"}],"wp:attachment":[{"href":"https:\/\/label.nl\/de\/wp-json\/wp\/v2\/media?parent=56749"}],"wp:term":[{"taxonomy":"product_brand","embeddable":true,"href":"https:\/\/label.nl\/de\/wp-json\/wp\/v2\/product_brand?post=56749"},{"taxonomy":"product_cat","embeddable":true,"href":"https:\/\/label.nl\/de\/wp-json\/wp\/v2\/product_cat?post=56749"},{"taxonomy":"product_tag","embeddable":true,"href":"https:\/\/label.nl\/de\/wp-json\/wp\/v2\/product_tag?post=56749"}],"curies":[{"name":"wp","href":"https:\/\/api.w.org\/{rel}","templated":true}]}}